{"id":1455,"date":"2025-08-14T09:43:40","date_gmt":"2025-08-14T08:43:40","guid":{"rendered":"https:\/\/visiteursdeprison-avfpb.be\/?page_id=1455"},"modified":"2026-02-24T11:27:45","modified_gmt":"2026-02-24T10:27:45","slug":"dossiers-thematiques","status":"publish","type":"page","link":"http:\/\/visiteursdeprison-avfpb.be\/index.php\/dossiers-thematiques\/","title":{"rendered":"Dossiers th\u00e9matiques"},"content":{"rendered":"\n<div class=\"wp-block-file\"><a id=\"wp-block-file--media-7e6346c3-740f-4631-87ce-265b8e1d052a\" href=\"https:\/\/visiteursdeprison-avfpb.be\/wp-content\/uploads\/2025\/08\/Actes-Journee-detude-Macadam-9-mars-2023.VD-2.pdf\">Actes Journ\u00e9e d&rsquo;\u00e9tude Macadam  9 mars 2023<\/a><\/div>\n\n\n\n<div class=\"wp-block-file\"><a id=\"wp-block-file--media-d7ad89e9-16f8-40b9-ba88-1c21e8ae5e39\" href=\"https:\/\/visiteursdeprison-avfpb.be\/wp-content\/uploads\/2025\/08\/Article-internement-version-2023-09-21-RDPC_03126064.pdf\">Article internement version 2023 <\/a><\/div>\n\n\n\n<div class=\"wp-block-file\"><a id=\"wp-block-file--media-dd0c71cf-9e06-4632-b629-b3af6e9e1130\" href=\"https:\/\/visiteursdeprison-avfpb.be\/wp-content\/uploads\/2025\/08\/Cellules_Punition_2021_FR.pdf\">Cellules Punition 2021<\/a><\/div>\n\n\n\n<div class=\"wp-block-file\"><a id=\"wp-block-file--media-323a5eff-36b4-44ea-af5d-1ae0558a35b5\" href=\"https:\/\/visiteursdeprison-avfpb.be\/wp-content\/uploads\/2025\/08\/extra-muros-Serge-Thyri.pdf\">extra muros Serge Thyri<\/a><\/div>\n\n\n\n<div class=\"wp-block-file\"><a id=\"wp-block-file--media-4a9adeda-9537-451a-a778-7da245ee0bd2\" href=\"https:\/\/visiteursdeprison-avfpb.be\/wp-content\/uploads\/2025\/08\/le-logement-a-l-epreuve-de-la-prison.pdf\">Le logement a l epreuve de la prison<\/a><\/div>\n\n\n\n<div class=\"wp-block-file\"><a id=\"wp-block-file--media-5216436e-902c-4126-a8bb-971f48508a25\" href=\"https:\/\/visiteursdeprison-avfpb.be\/wp-content\/uploads\/2025\/08\/Nederlandt-texte-surpopulation-colloque-CCSP-surpopulation-2023.pdf\">Nederlandt texte surpopulation colloque CCSP surpopulation 2023<\/a><\/div>\n\n\n\n<div class=\"wp-block-file\"><a id=\"wp-block-file--media-35fbb941-f53c-42b8-8c57-5c52d5c38cee\" href=\"https:\/\/visiteursdeprison-avfpb.be\/wp-content\/uploads\/2025\/08\/reinsertion-des-etrangers-condamnes-limpossible-equation.pdf\">R\u00e9insertion des \u00e9trangers condamn\u00e9s l&rsquo;impossible \u00e9quation<\/a><\/div>\n\n\n\n<div class=\"wp-block-file\"><a id=\"wp-block-file--media-acbbd246-1ecc-407e-8fb5-356dc351e607\" href=\"https:\/\/visiteursdeprison-avfpb.be\/wp-content\/uploads\/2025\/08\/Rizome-Bxl-Le-logement-comme-outil-dinsertion-accompagnement-methodologique-CREBIS-2-022.pdf\">Rizome Bxl Le logement comme outil d&rsquo;insertion accompagnement m\u00e9thodologique<\/a><\/div>\n\n\n\n<div class=\"wp-block-file\"><a id=\"wp-block-file--media-98c98314-7aa1-4e9b-aba0-025e03264c48\" href=\"https:\/\/visiteursdeprison-avfpb.be\/wp-content\/uploads\/2025\/10\/Fascicule_Internement_22-06-20-1.pdf\">Fascicule Internement 22-06-20-1<\/a><\/div>\n\n\n\n<div class=\"wp-block-file\"><a id=\"wp-block-file--media-8fff48b0-0fbb-49a4-90d1-aad55da3d133\" href=\"https:\/\/visiteursdeprison-avfpb.be\/wp-content\/uploads\/2026\/02\/2025_MYRIA_Retour_eloignement_et_detention.pdf\">2025_MYRIA_Retour_\u00e9loignement_et_d\u00e9tention<\/a><\/div>\n","protected":false},"excerpt":{"rendered":"","protected":false},"author":32,"featured_media":0,"parent":0,"menu_order":0,"comment_status":"closed","ping_status":"closed","template":"","meta":{"footnotes":""},"class_list":["post-1455","page","type-page","status-publish","hentry"],"_links":{"self":[{"href":"http:\/\/visiteursdeprison-avfpb.be\/index.php\/wp-json\/wp\/v2\/pages\/1455","targetHints":{"allow":["GET"]}}],"collection":[{"href":"http:\/\/visiteursdeprison-avfpb.be\/index.php\/wp-json\/wp\/v2\/pages"}],"about":[{"href":"http:\/\/visiteursdeprison-avfpb.be\/index.php\/wp-json\/wp\/v2\/types\/page"}],"author":[{"embeddable":true,"href":"http:\/\/visiteursdeprison-avfpb.be\/index.php\/wp-json\/wp\/v2\/users\/32"}],"replies":[{"embeddable":true,"href":"http:\/\/visiteursdeprison-avfpb.be\/index.php\/wp-json\/wp\/v2\/comments?post=1455"}],"version-history":[{"count":5,"href":"http:\/\/visiteursdeprison-avfpb.be\/index.php\/wp-json\/wp\/v2\/pages\/1455\/revisions"}],"predecessor-version":[{"id":1653,"href":"http:\/\/visiteursdeprison-avfpb.be\/index.php\/wp-json\/wp\/v2\/pages\/1455\/revisions\/1653"}],"wp:attachment":[{"href":"http:\/\/visiteursdeprison-avfpb.be\/index.php\/wp-json\/wp\/v2\/media?parent=1455"}],"curies":[{"name":"wp","href":"https:\/\/api.w.org\/{rel}","templated":true}]}}