{"id":1467,"date":"2025-08-14T09:46:42","date_gmt":"2025-08-14T08:46:42","guid":{"rendered":"https:\/\/visiteursdeprison-avfpb.be\/?page_id=1467"},"modified":"2025-10-27T15:18:23","modified_gmt":"2025-10-27T14:18:23","slug":"traits-dunion","status":"publish","type":"page","link":"http:\/\/visiteursdeprison-avfpb.be\/index.php\/traits-dunion\/","title":{"rendered":"Trait d&rsquo;Union"},"content":{"rendered":"\n<div class=\"wp-block-file\"><a id=\"wp-block-file--media-3f5c5ca7-1ee1-4158-b4cd-1c014dad3252\" href=\"https:\/\/visiteursdeprison-avfpb.be\/wp-content\/uploads\/2025\/08\/Trait-dUnion-hors-serie-Reflexions-sur-la-Justice-et-les-Prisons-belges-1.pdf\">Trait d&rsquo;Union hors-s\u00e9rie &#8211; R\u00e9flexions sur la Justice et les Prisons belges (1)<\/a><\/div>\n\n\n\n<div class=\"wp-block-file\"><a id=\"wp-block-file--media-557bb8d2-8d73-488d-8cf9-37d1dcbbbad1\" href=\"https:\/\/visiteursdeprison-avfpb.be\/wp-content\/uploads\/2025\/08\/Trait-dUnion-n\u00b0-1-mars-2012.pdf\">Trait d&rsquo;Union n\u00b0 1 &#8211; mars 2012<\/a><\/div>\n\n\n\n<div class=\"wp-block-file\"><a id=\"wp-block-file--media-d9878897-73b5-489d-ae05-d3c04b66e55d\" href=\"https:\/\/visiteursdeprison-avfpb.be\/wp-content\/uploads\/2025\/08\/Trait-dUnion-n\u00b0-2-surpopulation-fevrier-2013.pdf\">Trait d&rsquo;Union n\u00b0 2 &#8211; surpopulation &#8211; f\u00e9vrier 2013<\/a><\/div>\n\n\n\n<div class=\"wp-block-file\"><a id=\"wp-block-file--media-b0fb2bc7-184c-42f3-aa4b-a5cd21940d99\" href=\"https:\/\/visiteursdeprison-avfpb.be\/wp-content\/uploads\/2025\/08\/Trait-dUnion-n\u00b0-3-Sentiments-2014.pdf\">Trait d&rsquo;Union n\u00b0 3 &#8211; Sentiments &#8211; 2014<\/a><\/div>\n\n\n\n<div class=\"wp-block-file\"><a id=\"wp-block-file--media-76beebd8-6be4-4782-8e71-21fe92fe0d4e\" href=\"https:\/\/visiteursdeprison-avfpb.be\/wp-content\/uploads\/2025\/08\/Trait-dunion-n\u00b0-4-special-elections-2014.pdf\">Trait d&rsquo;union n\u00b0 4  &#8211; sp\u00e9cial \u00e9lections 2014<\/a><\/div>\n\n\n\n<div class=\"wp-block-file\"><a id=\"wp-block-file--media-36d7d65e-6662-4163-ada1-00ea1c65f7bf\" href=\"https:\/\/visiteursdeprison-avfpb.be\/wp-content\/uploads\/2025\/08\/Trait-dUnion-n\u00b0-5-la-sante-Fevrier-2015.pdf\">Trait d&rsquo;Union n\u00b0 5 &#8211; la sant\u00e9 &#8211; F\u00e9vrier 2015<\/a><\/div>\n\n\n\n<div class=\"wp-block-file\"><a id=\"wp-block-file--media-84676fd5-5ab3-4b15-a0eb-0a814890620d\" href=\"https:\/\/visiteursdeprison-avfpb.be\/wp-content\/uploads\/2025\/08\/Trait-dUnion-n\u00b0-6-Le-radicalisme-en-prison-Mai-2015.pdf\">Trait d&rsquo;Union n\u00b0 6 &#8211; Le radicalisme en prison &#8211; Mai 2015<\/a><\/div>\n\n\n\n<div class=\"wp-block-file\"><a id=\"wp-block-file--media-56d52ed4-416b-4b34-8982-05e5d144e9a5\" href=\"https:\/\/visiteursdeprison-avfpb.be\/wp-content\/uploads\/2025\/08\/Trait-dUnion-n\u00b0-7-Formation-Visiteurs-Fds-Contigo2.pdf\">Trait d&rsquo;Union n\u00b0 7 &#8211; Formation Visiteurs Fds Contigo<\/a><\/div>\n\n\n\n<div class=\"wp-block-file\"><a id=\"wp-block-file--media-b688b516-2053-47da-a31e-e98a6fb3afa1\" href=\"https:\/\/visiteursdeprison-avfpb.be\/wp-content\/uploads\/2025\/08\/Trait-dUnion-n\u00b0-8-JNP-2015-Prevention-Jeunes-2.pdf\">Trait d&rsquo;Union n\u00b0 8 &#8211; JNP 2015 &#8211; Pr\u00e9vention Jeunes <\/a><\/div>\n\n\n\n<div class=\"wp-block-file\"><a id=\"wp-block-file--media-7ba96b59-b647-4a56-8844-76599c4cd8a5\" href=\"https:\/\/visiteursdeprison-avfpb.be\/wp-content\/uploads\/2025\/08\/Trait-dUnion-n\u00b0-9-En-prison-et-apres.-1.pdf\">Trait d&rsquo;Union n\u00b0 9 &#8211; En prison et apr\u00e8s&#8230; <\/a><\/div>\n\n\n\n<div class=\"wp-block-file\"><a id=\"wp-block-file--media-65100f8d-d91c-4c75-a09f-ba93253da626\" href=\"https:\/\/visiteursdeprison-avfpb.be\/wp-content\/uploads\/2025\/08\/Trait-dUnion-n\u00b0-10-La-reinsertion-affaire-de-tous-Mai-2017.pdf\">Trait d&rsquo;Union n\u00b0 10 &#8211; La r\u00e9insertion, affaire de tous &#8211; Mai 2017<\/a><\/div>\n\n\n\n<div class=\"wp-block-file\"><a id=\"wp-block-file--media-8f52ee38-3e13-4ec9-b090-83d15dab40fd\" href=\"https:\/\/visiteursdeprison-avfpb.be\/wp-content\/uploads\/2025\/08\/Trait-dUnion-n\u00b0-11-Prevenir-la-violence-en-prison-Decembre-2017-1.pdf\">Trait d&rsquo;Union n\u00b0 11 &#8211; Pr\u00e9venir la violence en prison &#8211; D\u00e9cembre 2017 <\/a><\/div>\n\n\n\n<div class=\"wp-block-file\"><a id=\"wp-block-file--media-0d98691f-b878-4efc-ac64-88cf58c16701\" href=\"https:\/\/visiteursdeprison-avfpb.be\/wp-content\/uploads\/2025\/08\/Trait-dUnion-n\u00b0-12-Temoignages-precarite-et-pauvretes-Fevrier-2018.pdf\">Trait d&rsquo;Union n\u00b0 12 &#8211; T\u00e9moignages pr\u00e9carit\u00e9 et pauvret\u00e9s &#8211; F\u00e9vrier 2018<\/a><\/div>\n\n\n\n<div class=\"wp-block-file\"><a id=\"wp-block-file--media-9954139a-3cdd-4566-8f65-71ff32c01587\" href=\"https:\/\/visiteursdeprison-avfpb.be\/wp-content\/uploads\/2025\/08\/Trait-dUnion-n\u00b0-13-Precarite-et-pauvretes-en-prison-Septembre-2018.pdf\">Trait d&rsquo;Union n\u00b0 13 &#8211; Pr\u00e9carit\u00e9 et pauvret\u00e9s en prison &#8211; Septembre 2018<\/a><\/div>\n\n\n\n<div class=\"wp-block-file\"><a id=\"wp-block-file--media-ddd1ce83-3f18-4167-9222-1543ce82ae7a\" href=\"https:\/\/visiteursdeprison-avfpb.be\/wp-content\/uploads\/2025\/08\/Trait-dUnion-n\u00b0-14-Special-elections-Mars-2019.pdf\">Trait d&rsquo;Union n\u00b0 14 &#8211; Sp\u00e9cial \u00e9lections &#8211; Mars 2019<\/a><\/div>\n\n\n\n<div class=\"wp-block-file\"><a id=\"wp-block-file--media-c7b51670-620c-44d5-9568-d9a261646529\" href=\"https:\/\/visiteursdeprison-avfpb.be\/wp-content\/uploads\/2025\/08\/Trait-dUnion-n\u00b0-15-Regards-Croises-Agents-penitentiaires-Octobre-2019-1.pdf\">Trait d&rsquo;Union n\u00b0 15 &#8211; Regards Crois\u00e9s Agents p\u00e9nitentiaires &#8211; Octobre 2019 <\/a><\/div>\n\n\n\n<div class=\"wp-block-file\"><a id=\"wp-block-file--media-13023880-ecf0-4937-8e68-ea6328d7dae2\" href=\"https:\/\/visiteursdeprison-avfpb.be\/wp-content\/uploads\/2025\/08\/Trait-dUnion-n\u00b0-16-Justice-Reparatrice-juin-2020.pdf\">Trait d&rsquo;Union n\u00b0 16 &#8211; Justice R\u00e9paratrice &#8211; juin 2020<\/a><\/div>\n\n\n\n<div class=\"wp-block-file\"><a id=\"wp-block-file--media-367622dc-0f1c-40aa-ad3f-83309277ddca\" href=\"https:\/\/visiteursdeprison-avfpb.be\/wp-content\/uploads\/2025\/08\/Trait-dUnion-n\u00b0-17-Limmigration-et-la-justice-juin-2021-1.pdf\">Trait d&rsquo;Union n\u00b0 17 &#8211; L&rsquo;immigration et la justice juin 2021 <\/a><\/div>\n\n\n\n<div class=\"wp-block-file\"><a id=\"wp-block-file--media-da08b2aa-4fee-408a-ac95-3456d33fa261\" href=\"https:\/\/visiteursdeprison-avfpb.be\/wp-content\/uploads\/2025\/08\/Trait-dUnion-n\u00b0-18-Le-travail-en-prison.pdf\">Trait d&rsquo;Union n\u00b0 18 &#8211; Le travail en prison<\/a><\/div>\n\n\n\n<div class=\"wp-block-file\"><a id=\"wp-block-file--media-c0d783e3-6626-4da0-ba7d-a777c1a68489\" href=\"https:\/\/visiteursdeprison-avfpb.be\/wp-content\/uploads\/2025\/08\/Trait-dUnion-n\u00b0-19-Droit-des-etrangers-en-detention-decembre-2023.pdf\">Trait d&rsquo;Union n\u00b0 19 &#8211; Droit des \u00e9trangers en d\u00e9tention &#8211; d\u00e9cembre 2023<\/a><\/div>\n\n\n\n<div class=\"wp-block-file\"><a id=\"wp-block-file--media-57570580-0aa3-4643-b24e-6badba4118c5\" href=\"https:\/\/visiteursdeprison-avfpb.be\/wp-content\/uploads\/2025\/08\/TU-22-Special-elections-2024-D.pdf\">Trait d&rsquo;union -22-Special-elections-2024<\/a><\/div>\n\n\n\n<div class=\"wp-block-file\"><a id=\"wp-block-file--media-61edaf79-ab42-464d-84c6-d3d1b7e8ba04\" href=\"https:\/\/visiteursdeprison-avfpb.be\/wp-content\/uploads\/2025\/10\/Trait-dUnion-Parrainage-et-desistance.D.pdf\">Trait d&rsquo;Union Parrainage et d\u00e9sistance.D<\/a><\/div>\n\n\n\n<div class=\"wp-block-file\"><a id=\"wp-block-file--media-f73b1154-1b42-49df-b8d0-4316042ac1f5\" href=\"https:\/\/visiteursdeprison-avfpb.be\/wp-content\/uploads\/2025\/10\/Trait-dUnion-N\u00b0-23-Numerique.pdf\">Trait d&rsquo;Union N\u00b0 23  Num\u00e9rique<\/a><\/div>\n\n\n\n<div class=\"wp-block-file\"><a id=\"wp-block-file--media-5dd8442b-392b-4d94-9bbc-1ba94b145bdf\" href=\"https:\/\/visiteursdeprison-avfpb.be\/wp-content\/uploads\/2025\/10\/Trait-dUnion-Violence-et-identite-en-prison.pdf\">Trait d&rsquo;Union Violence et identit\u00e9 en prison.<\/a><\/div>\n","protected":false},"excerpt":{"rendered":"","protected":false},"author":32,"featured_media":0,"parent":0,"menu_order":0,"comment_status":"closed","ping_status":"closed","template":"","meta":{"footnotes":""},"class_list":["post-1467","page","type-page","status-publish","hentry"],"_links":{"self":[{"href":"http:\/\/visiteursdeprison-avfpb.be\/index.php\/wp-json\/wp\/v2\/pages\/1467","targetHints":{"allow":["GET"]}}],"collection":[{"href":"http:\/\/visiteursdeprison-avfpb.be\/index.php\/wp-json\/wp\/v2\/pages"}],"about":[{"href":"http:\/\/visiteursdeprison-avfpb.be\/index.php\/wp-json\/wp\/v2\/types\/page"}],"author":[{"embeddable":true,"href":"http:\/\/visiteursdeprison-avfpb.be\/index.php\/wp-json\/wp\/v2\/users\/32"}],"replies":[{"embeddable":true,"href":"http:\/\/visiteursdeprison-avfpb.be\/index.php\/wp-json\/wp\/v2\/comments?post=1467"}],"version-history":[{"count":6,"href":"http:\/\/visiteursdeprison-avfpb.be\/index.php\/wp-json\/wp\/v2\/pages\/1467\/revisions"}],"predecessor-version":[{"id":1632,"href":"http:\/\/visiteursdeprison-avfpb.be\/index.php\/wp-json\/wp\/v2\/pages\/1467\/revisions\/1632"}],"wp:attachment":[{"href":"http:\/\/visiteursdeprison-avfpb.be\/index.php\/wp-json\/wp\/v2\/media?parent=1467"}],"curies":[{"name":"wp","href":"https:\/\/api.w.org\/{rel}","templated":true}]}}